{"id":5479,"date":"2024-10-28T00:11:37","date_gmt":"2024-10-27T21:11:37","guid":{"rendered":"https:\/\/davidansushi.md\/?post_type=product&#038;p=5479"},"modified":"2025-09-27T02:35:41","modified_gmt":"2025-09-26T23:35:41","slug":"burger-cu-vita","status":"publish","type":"product","link":"https:\/\/davidansushi.md\/ru\/product\/burger-cu-vita\/","title":{"rendered":"Burger cu vit\u0103"},"content":{"rendered":"","protected":false},"excerpt":{"rendered":"<p><strong>Ingrediente<\/strong><\/p>\n<ul>\n<li>chifl\u0103 burger<\/li>\n<li>ceap\u0103 caramelizat\u0103<\/li>\n<li>p\u00e2rjoal\u0103 de vit\u0103<\/li>\n<li>ca\u0219caval dorblu<\/li>\n<li>castrave\u021bi marina\u021bi<\/li>\n<li>frunz\u0103 de salat\u0103<\/li>\n<li>ro\u0219ii<\/li>\n<li>bacon<\/li>\n<li>rucola<\/li>\n<li>cartofi pai<\/li>\n<li>sos Ketchup<\/li>\n<\/ul>","protected":false},"featured_media":7169,"template":"","meta":[],"product_brand":[],"product_cat":[42],"product_tag":[],"class_list":{"0":"post-5479","1":"product","2":"type-product","3":"status-publish","4":"has-post-thumbnail","6":"product_cat-gustari","8":"first","9":"instock","10":"shipping-taxable","11":"purchasable","12":"product-type-simple"},"_links":{"self":[{"href":"https:\/\/davidansushi.md\/ru\/wp-json\/wp\/v2\/product\/5479","targetHints":{"allow":["GET"]}}],"collection":[{"href":"https:\/\/davidansushi.md\/ru\/wp-json\/wp\/v2\/product"}],"about":[{"href":"https:\/\/davidansushi.md\/ru\/wp-json\/wp\/v2\/types\/product"}],"version-history":[{"count":2,"href":"https:\/\/davidansushi.md\/ru\/wp-json\/wp\/v2\/product\/5479\/revisions"}],"predecessor-version":[{"id":7163,"href":"https:\/\/davidansushi.md\/ru\/wp-json\/wp\/v2\/product\/5479\/revisions\/7163"}],"wp:featuredmedia":[{"embeddable":true,"href":"https:\/\/davidansushi.md\/ru\/wp-json\/wp\/v2\/media\/7169"}],"wp:attachment":[{"href":"https:\/\/davidansushi.md\/ru\/wp-json\/wp\/v2\/media?parent=5479"}],"wp:term":[{"taxonomy":"product_brand","embeddable":true,"href":"https:\/\/davidansushi.md\/ru\/wp-json\/wp\/v2\/product_brand?post=5479"},{"taxonomy":"product_cat","embeddable":true,"href":"https:\/\/davidansushi.md\/ru\/wp-json\/wp\/v2\/product_cat?post=5479"},{"taxonomy":"product_tag","embeddable":true,"href":"https:\/\/davidansushi.md\/ru\/wp-json\/wp\/v2\/product_tag?post=5479"}],"curies":[{"name":"wp","href":"https:\/\/api.w.org\/{rel}","templated":true}]}}