{"id":5284,"date":"2024-10-28T00:07:57","date_gmt":"2024-10-27T21:07:57","guid":{"rendered":"https:\/\/davidansushi.md\/?post_type=product&#038;p=5284"},"modified":"2025-09-27T02:22:00","modified_gmt":"2025-09-26T23:22:00","slug":"poke-bowl-somon","status":"publish","type":"product","link":"https:\/\/davidansushi.md\/ru\/product\/poke-bowl-somon\/","title":{"rendered":"Poke bowl \u0441 \u043b\u043e\u0441\u043e\u0441\u0435\u043c"},"content":{"rendered":"","protected":false},"excerpt":{"rendered":"<p><strong>\u0418\u043d\u0433\u0440\u0435\u0434\u0438\u0435\u043d\u0442\u044b:<\/strong><\/p>\n<ul>\n<li>\u0440\u0438\u0441<\/li>\n<li>\u043b\u043e\u0441\u043e\u0441\u044c<\/li>\n<li>mango<\/li>\n<li>boabe edamame<\/li>\n<li>\u0430\u0432\u043e\u043a\u0430\u0434\u043e<\/li>\n<li>\u043d\u043e\u0440\u0438<\/li>\n<li>ghimbir marinat<\/li>\n<li>alge wakame<\/li>\n<li>castrevete<\/li>\n<li>crem\u0103 de brn\u00e2nz\u0103<\/li>\n<li>sos poke<\/li>\n<li>sos soia<\/li>\n<li>nuci caju<\/li>\n<li>\u0441\u043e\u0443\u0441 \u0443\u043d\u0430\u0433\u0438<\/li>\n<li>\u043a\u0443\u043d\u0436\u0443\u0442<\/li>\n<li><\/li>\n<\/ul>","protected":false},"featured_media":5356,"template":"","meta":[],"product_brand":[],"product_cat":[48],"product_tag":[307,306,309,308],"class_list":{"0":"post-5284","1":"product","2":"type-product","3":"status-publish","4":"has-post-thumbnail","6":"product_cat-poke-bowl","7":"product_tag-mancare-cu-somon","8":"product_tag-poke-bowl-somon","9":"product_tag-309","10":"product_tag-308","12":"first","13":"instock","14":"shipping-taxable","15":"purchasable","16":"product-type-simple"},"_links":{"self":[{"href":"https:\/\/davidansushi.md\/ru\/wp-json\/wp\/v2\/product\/5284","targetHints":{"allow":["GET"]}}],"collection":[{"href":"https:\/\/davidansushi.md\/ru\/wp-json\/wp\/v2\/product"}],"about":[{"href":"https:\/\/davidansushi.md\/ru\/wp-json\/wp\/v2\/types\/product"}],"version-history":[{"count":1,"href":"https:\/\/davidansushi.md\/ru\/wp-json\/wp\/v2\/product\/5284\/revisions"}],"predecessor-version":[{"id":5357,"href":"https:\/\/davidansushi.md\/ru\/wp-json\/wp\/v2\/product\/5284\/revisions\/5357"}],"wp:featuredmedia":[{"embeddable":true,"href":"https:\/\/davidansushi.md\/ru\/wp-json\/wp\/v2\/media\/5356"}],"wp:attachment":[{"href":"https:\/\/davidansushi.md\/ru\/wp-json\/wp\/v2\/media?parent=5284"}],"wp:term":[{"taxonomy":"product_brand","embeddable":true,"href":"https:\/\/davidansushi.md\/ru\/wp-json\/wp\/v2\/product_brand?post=5284"},{"taxonomy":"product_cat","embeddable":true,"href":"https:\/\/davidansushi.md\/ru\/wp-json\/wp\/v2\/product_cat?post=5284"},{"taxonomy":"product_tag","embeddable":true,"href":"https:\/\/davidansushi.md\/ru\/wp-json\/wp\/v2\/product_tag?post=5284"}],"curies":[{"name":"wp","href":"https:\/\/api.w.org\/{rel}","templated":true}]}}