{"id":47,"date":"2023-12-12T13:40:41","date_gmt":"2023-12-12T11:40:41","guid":{"rendered":"https:\/\/davidansushi.md\/?page_id=47"},"modified":"2024-01-09T14:28:40","modified_gmt":"2024-01-09T12:28:40","slug":"termeni-si-conditii","status":"publish","type":"page","link":"https:\/\/davidansushi.md\/ru\/termeni-si-conditii\/","title":{"rendered":"Termeni \u0219i Condi\u021bii"},"content":{"rendered":"<div data-elementor-type=\"wp-page\" data-elementor-id=\"47\" class=\"elementor elementor-47\" data-elementor-post-type=\"page\">\n\t\t\t\t<div class=\"elementor-element elementor-element-dfa4284 e-flex e-con-boxed wd-section-disabled e-con e-parent\" data-id=\"dfa4284\" data-element_type=\"container\">\n\t\t\t\t\t<div class=\"e-con-inner\">\n\t\t\t\t<div class=\"elementor-element elementor-element-2caaf50 elementor-widget elementor-widget-wd_title\" data-id=\"2caaf50\" data-element_type=\"widget\" data-widget_type=\"wd_title.default\">\n\t\t\t\t<div class=\"elementor-widget-container\">\n\t\t\t\t\t\t\t<div class=\"title-wrapper set-mb-s reset-last-child wd-title-color-default wd-title-style-default wd-title-size-default text-left\">\n\n\t\t\t\n\t\t\t<div class=\"liner-continer\">\n\t\t\t\t<h4 class=\"woodmart-title-container title wd-fontsize-l\">TERMENI \u0218I CONDI\u021aII<\/h4> \n\t\t\t\t\t\t\t<\/div>\n\n\t\t\t\t\t\t\t<div class=\"title-after_title set-cont-mb-s reset-last-child wd-fontsize-xs\">\n\t\t\t\t\t<p><strong>DaviDan Sushi<\/strong> este un brand operat de compania <strong>S.R.L. DANVAL BAKERY<\/strong>, comercializeaz\u0103 produse alimentare \u00een conformitate cu regulile prezentate pe acest\u0103 pagin\u0103.<\/p><p><span style=\"color: #ffffff\"><strong>Obiective generale<\/strong><\/span><br \/><strong>Produsele:<\/strong> DaviDan Sushi comercializeaz\u0103 produse alimentare, conform descrierii \u0219i specifica\u021biilor afi\u0219ate pe site-ul localului (<a href=\"https:\/\/mistyrose-horse-112944.hostingersite.com\">www.davidansushi.md<\/a>).<\/p><p><strong>Pre\u021burile:<\/strong> Pre\u021burile produselor sunt afi\u0219ate \u00een lei, includ TVA \u0219i nu includ costul transportului. Davidansushi.md \u00ee\u0219i rezerv\u0103 dreptul de a modifica pre\u021burile produselor f\u0103r\u0103 o notificare prealabil\u0103.<\/p><p><strong>Comenzile:<\/strong> Prin plasarea unei comenzi, clientul \u00ee\u0219i exprim\u0103 acordul de a achizi\u021biona produsele comandate \u0219i de a pl\u0103ti contravaloarea acestora. Comanda este considerat\u0103 acceptat\u0103 de c\u0103tre local doar dup\u0103 confirmarea acesteia prin email sau apel telefonic.<\/p><p><strong>Plata:<\/strong> Plata produselor se poate prin numerar la curier sau cu card bancar la plasarea comenzii. Acestea sunt metodele de plat\u0103 acceptate de Davidansushi.md.<\/p><p><strong>Livrarea:<\/strong> Produsele comandate vor fi livrate la adresa specificat\u0103 de c\u0103tre client \u00een momentul plas\u0103rii comenzii. Costurile de livrare vor fi suportate de client \u0219i vor fi afi\u0219ate \u00een momentul plas\u0103rii comenzii.<\/p><p><strong>Returnarea produselor:<\/strong> Produsele alimentare nu pot fi returnate din motive de igien\u0103 \u0219i siguran\u021b\u0103 alimentar\u0103. Produsele nealimentare pot fi returnate \u00een termen de 14 zile de la primirea lor, dac\u0103 nu corespund descrierii afi\u0219ate pe site-ul localului.<\/p><p><strong>Confiden\u021bialitatea datelor:<\/strong> Davidan Sushi respect\u0103 confiden\u021bialitatea datelor personale ale clien\u021bilor \u0219i se angajeaz\u0103 s\u0103 le protejeze conform legii mai multe detalii g\u0103si\u021bi pe pagina <a href=\"\/ru\/politica-de-confidentialitate\/\">\u043f\u043e\u043b\u0438\u0442\u0438\u043a\u0430 \u043a\u043e\u043d\u0444\u0438\u0434\u0435\u043d\u0446\u0438\u0430\u043b\u044c\u043d\u043e\u0441\u0442\u0438<\/a>.<\/p><p><strong>Litigii:<\/strong> Orice litigiu \u00eentre client \u0219i Davidansushi.md va fi solu\u021bionat pe cale amiabil\u0103. \u00cen caz contrar, litigiul va fi solu\u021bionat conform legisla\u021biei Republicii Moldova \u00een vigoare.<\/p><p><strong>Modific\u0103ri:<\/strong> Davidansushi.md \u00ee\u0219i rezerv\u0103 dreptul de a modifica prezentul regulament f\u0103r\u0103 o notificare prealabil\u0103. Orice modificare va fi publicat\u0103 pe site-ul davidansushi.md \u0219i va fi aplicat\u0103 din momentul public\u0103rii.<\/p>\t\t\t\t<\/div>\n\t\t\t\t\t<\/div>\n\t\t\t\t\t\t<\/div>\n\t\t\t\t<\/div>\n\t\t\t\t\t<\/div>\n\t\t\t\t<\/div>\n\t\t<div class=\"elementor-element elementor-element-b8e14c5 e-flex e-con-boxed wd-section-disabled e-con e-parent\" data-id=\"b8e14c5\" data-element_type=\"container\">\n\t\t\t\t\t<div class=\"e-con-inner\">\n\t\t\t\t<div class=\"elementor-element elementor-element-ef643fb elementor-widget elementor-widget-wd_title\" data-id=\"ef643fb\" data-element_type=\"widget\" data-widget_type=\"wd_title.default\">\n\t\t\t\t<div class=\"elementor-widget-container\">\n\t\t\t\t\t\t\t<div class=\"title-wrapper set-mb-s reset-last-child wd-title-color-default wd-title-style-default wd-title-size-default text-left\">\n\n\t\t\t\n\t\t\t<div class=\"liner-continer\">\n\t\t\t\t<h4 class=\"woodmart-title-container title wd-fontsize-l\">Informa\u021bii despre persoana juridic\u0103:<\/h4> \n\t\t\t\t\t\t\t<\/div>\n\n\t\t\t\t\t\t\t<div class=\"title-after_title set-cont-mb-s reset-last-child wd-fontsize-xs\">\n\t\t\t\t\t<p>Denumire: S.R.L. DANVAL BAKERY<br \/>C\/F: 1023600044712<br \/>Adresa: mun. Chi\u015fin\u0103u, sec. Botanica, str. Decebal bd., 91\/4<br \/>IBAN: MD30AG000000022585652023<br \/>BIC: AGRNMD2X<br \/>BC \u201dMoldova \u2013 Agroindbank\u201e S.A.<\/p>\t\t\t\t<\/div>\n\t\t\t\t\t<\/div>\n\t\t\t\t\t\t<\/div>\n\t\t\t\t<\/div>\n\t\t\t\t\t<\/div>\n\t\t\t\t<\/div>\n\t\t\t\t<\/div>","protected":false},"excerpt":{"rendered":"<p>TERMENI \u0218I CONDI\u021aII DaviDan Sushi este un brand operat de compania S.R.L. DANVAL BAKERY, comercializeaz\u0103 produse alimentare \u00een conformitate cu<\/p>","protected":false},"author":4,"featured_media":0,"parent":0,"menu_order":0,"comment_status":"closed","ping_status":"closed","template":"","meta":{"footnotes":""},"class_list":["post-47","page","type-page","status-publish","hentry"],"_links":{"self":[{"href":"https:\/\/davidansushi.md\/ru\/wp-json\/wp\/v2\/pages\/47","targetHints":{"allow":["GET"]}}],"collection":[{"href":"https:\/\/davidansushi.md\/ru\/wp-json\/wp\/v2\/pages"}],"about":[{"href":"https:\/\/davidansushi.md\/ru\/wp-json\/wp\/v2\/types\/page"}],"author":[{"embeddable":true,"href":"https:\/\/davidansushi.md\/ru\/wp-json\/wp\/v2\/users\/4"}],"replies":[{"embeddable":true,"href":"https:\/\/davidansushi.md\/ru\/wp-json\/wp\/v2\/comments?post=47"}],"version-history":[{"count":0,"href":"https:\/\/davidansushi.md\/ru\/wp-json\/wp\/v2\/pages\/47\/revisions"}],"wp:attachment":[{"href":"https:\/\/davidansushi.md\/ru\/wp-json\/wp\/v2\/media?parent=47"}],"curies":[{"name":"wp","href":"https:\/\/api.w.org\/{rel}","templated":true}]}}